{"id":608,"date":"2025-01-20T17:53:47","date_gmt":"2025-01-20T16:53:47","guid":{"rendered":"https:\/\/new.expohogar.com\/aviso-legal\/"},"modified":"2025-02-20T12:46:42","modified_gmt":"2025-02-20T11:46:42","slug":"avis-legal","status":"publish","type":"page","link":"https:\/\/www.expohogar.com\/ca\/avis-legal\/","title":{"rendered":"Av\u00eds Legal"},"content":{"rendered":"\t\t<div data-elementor-type=\"wp-page\" data-elementor-id=\"608\" class=\"elementor elementor-608 elementor-41\" data-elementor-post-type=\"page\">\n\t\t\t\t<div class=\"elementor-element elementor-element-36e0e56 e-flex e-con-boxed e-con e-parent\" data-id=\"36e0e56\" data-element_type=\"container\" data-e-type=\"container\" data-settings=\"{&quot;background_background&quot;:&quot;classic&quot;}\">\n\t\t\t\t\t<div class=\"e-con-inner\">\n\t\t<div class=\"elementor-element elementor-element-47df333 e-con-full e-flex e-con e-child\" data-id=\"47df333\" data-element_type=\"container\" data-e-type=\"container\">\n\t\t\t\t<\/div>\n\t\t\t\t\t<\/div>\n\t\t\t\t<\/div>\n\t\t<div class=\"elementor-element elementor-element-580f644 e-flex e-con-boxed e-con e-parent\" data-id=\"580f644\" data-element_type=\"container\" data-e-type=\"container\">\n\t\t\t\t\t<div class=\"e-con-inner\">\n\t\t<div class=\"elementor-element elementor-element-9dddf42 e-con-full e-flex e-con e-child\" data-id=\"9dddf42\" data-element_type=\"container\" data-e-type=\"container\">\n\t\t\t\t<div class=\"elementor-element elementor-element-82dda29 elementor-widget elementor-widget-text-editor\" data-id=\"82dda29\" data-element_type=\"widget\" data-e-type=\"widget\" data-widget_type=\"text-editor.default\">\n\t\t\t\t<div class=\"elementor-widget-container\">\n\t\t\t\t\t\t\t\t\t<h5>1. Informaci\u00f3 General<\/h5><p>El sal\u00f3 Expohogar est\u00e0 organitzat pel Col\u00b7legi Oficial d&#8217;Agents Comercials de Barcelona, amb CIF n\u00fam. Q-0873007-I i domicili al carrer Casp, n\u00fam. 130, CP 08013 Barcelona, Espanya, est\u00e0 inscrit en el Registre P\u00fablic de Col\u00b7legis Professionals de Catalunya, amb data 16 d&#8217;octubre de 1984, sota el n\u00famero d&#8217;inscripci\u00f3 AC\/B-2. Tel\u00e8fon: 93 231 94 12; Correu electr\u00f2nic: <a href=\"mailto:coacb@coacb.com\">coacb@coacb.com<\/a><\/p><h5>2. Objecte<\/h5><p>La present p\u00e0gina web (www.expohogar.com), propietat del COL\u00b7LEGI OFICIAL D&#8217;AGENTS COMERCIALS DE BARCELONA (d&#8217;ara endavant,\u00a0COACB), ha estat creada i dissenyada per a donar a con\u00e8ixer i permetre l&#8217;acc\u00e9s general de totes les persones usu\u00e0ries d&#8217;Internet a la informaci\u00f3, activitats, productes i serveis diversos, propis o de tercers, del sal\u00f3\u00a0Expohogar.<\/p><p>El present Av\u00eds Legal t\u00e9 com a objecte establir les Condicions Generals que regulen l&#8217;acc\u00e9s i \u00fas general de la citada p\u00e0gina web per part de totes les persones usu\u00e0ries, de manera que l&#8217;acc\u00e9s i \u00fas d&#8217;aquesta implica necess\u00e0riament, la submissi\u00f3 i acceptaci\u00f3 de les Condicions Generals citades incloses en aquest Av\u00eds Legal.<\/p><p>El\u00a0COACB\u00a0es reserva la facultat de realitzar, en qualsevol moment i sense necessitat de cap preav\u00eds, qualsevol modificaci\u00f3 o actualitzaci\u00f3 dels continguts i serveis, de les presents disposicions d&#8217;acc\u00e9s i \u00fas i, en general, de quants elements integrin el disseny i configuraci\u00f3 de la seva p\u00e0gina web. Per aix\u00f2 es recomana que l&#8217;usuari llegeixi detingudament i atenta les condicions generals cada vegada que vulgui entrar i fer \u00fas, ja que aquestes poden sofrir alguna\/s modificaci\u00f3\/\u00e9s.<\/p><h5>3. Acc\u00e9s a la p\u00e0gina web<\/h5><p>L&#8217;usuari pot accedir de manera gratu\u00efta i lliure a la p\u00e0gina web, excepte en el que concerneix el cost de la connexi\u00f3 a trav\u00e9s de la xarxa de telecomunicacions subministrada pel Prove\u00efdor d&#8217;Acc\u00e9s a Internet (ISP)\u00a0contractada pel seu compte.<br \/><br \/>Per part seva, el\u00a0COACB\u00a0informa que no es responsabilitza de la prestaci\u00f3 de serveis i subministraments de tercers, incl\u00f2s el transport a trav\u00e9s de xarxes de telecomunicacions, la fiabilitat de les quals, qualitat, continu\u00eftat i funcionament no li correspon, i pel que l&#8217;acc\u00e9s pot ser susp\u00e8s, cancel\u00b7lat o resultar inaccessible per motius t\u00e8cnics i especialment en cas de for\u00e7a major.<br \/><br \/>A m\u00e9s, el\u00a0COACB\u00a0es reserva el dret a interrompre en cas que ho estimi necessari l&#8217;acc\u00e9s a la seva p\u00e0gina web en qualsevol moment i sense previ av\u00eds, ja sigui per motius de seguretat, de control, de manteniment, per errors de subministrament el\u00e8ctric o per qualsevol altra causa. Si la interrupci\u00f3 tingu\u00e9s car\u00e0cter definitiu, es comunicar\u00e0 tal circumst\u00e0ncia als usuaris, que podran sofrir la p\u00e8rdua, si \u00e9s el cas, de la informaci\u00f3 emmagatzemada en els diferents serveis.<br \/><br \/>En conseq\u00fc\u00e8ncia, en cap cas el\u00a0COACB\u00a0es responsabilitza de les conseq\u00fc\u00e8ncies d&#8217;eventuals interrupcions, ja que no pot garantir la fiabilitat, la disponibilitat, ni la continu\u00eftat de la seva p\u00e0gina web.<\/p><p>D&#8217;altra banda, l&#8217;acc\u00e9s a determinats serveis \u00e9s exclusiu per als nostres col\u00b7legiats o personal laboral, per als quals s\u00f3n requisits el registre previ i l&#8217;acceptaci\u00f3, abans d&#8217;iniciar-se la prestaci\u00f3, de les condicions particulars, les quals substituiran, completaran i\/o modificaran les establertes en el present Av\u00eds Legal.<\/p><h5>4. \u00das de la p\u00e0gina web<\/h5><p>La utilitzaci\u00f3 de la p\u00e0gina web per qualsevol persona atribueix la condici\u00f3 d&#8217;usuari, el qual haur\u00e0 de posseir la capacitat legal per a contractar i representaci\u00f3 necess\u00e0ria per a contractar, el qual accepta que l&#8217;\u00fas \u00e9s sota la seva exclusiva responsabilitat.<br \/><br \/>L&#8217;usuari es compromet a no utilitzar la informaci\u00f3, activitats, productes o serveis que el\u00a0COACB\u00a0posa a la seva disposici\u00f3 per a desenvolupar activitats contr\u00e0ries a les lleis, a la moral o a l&#8217;ordre p\u00fablic i, en general, a fer un \u00fas conforme a les presents Condicions Generals.<br \/><br \/>Especialment, queda prohibit l&#8217;\u00fas de la p\u00e0gina web amb finalitats lesius als b\u00e9ns del\u00a0COACB\u00a0que de qualsevol altra forma sobrecarreguin, danyin o inutilitzin les xarxes, servidors i altres equips inform\u00e0tics (maquinari) o productes i aplicacions inform\u00e0tiques (programari) del\u00a0COACB\u00a0o de tercers, si \u00e9s el cas.<br \/><br \/>L&#8217;usuari pot descarregar els continguts que desitgi de la p\u00e0gina web i, quan sigui necessari, el\u00a0COACB\u00a0ho informar\u00e0 en cas necessari sobre les especificacions t\u00e8cniques necess\u00e0ries per a procedir a la desc\u00e0rrega d&#8217;informaci\u00f3 i continguts de la seva p\u00e0gina web.<br \/><br \/>L&#8217;usuari s&#8217;abstindr\u00e0 d&#8217;obtenir, o d&#8217;intentar obtenir, els Continguts per mitjans o procediments diferents dels que en cada cas s&#8217;hagin posat a la seva disposici\u00f3 o s&#8217;hagin indicat a aquest efecte o dels quals s&#8217;utilitzin habitualment en Internet. En aquest sentit, es prega a l&#8217;usuari que pari esment a aquests missatges d&#8217;av\u00eds, ja que el\u00a0COACB\u00a0no es responsabilitza dels danys i perjudicis que puguin sofrir els equips inform\u00e0tics de l&#8217;usuari perqu\u00e8 aquest hagi usat de manera indeguda o negligent la p\u00e0gina web.<br \/><br \/>Quant a l&#8217;\u00fas dels serveis interactius que, en qualsevol forma, permetin la divulgaci\u00f3 de continguts per part de l&#8217;usuari a trav\u00e9s de la p\u00e0gina web ser\u00e0 conforme a la llei, les presents Condicions, les condicions particulars, si \u00e9s el cas, la moral, els bons costums i l&#8217;ordre p\u00fablic.<\/p><h5>5. Continguts<\/h5><p>Els continguts de la p\u00e0gina web s\u00f3n posats a la disposici\u00f3 de l&#8217;usuari pel\u00a0COACB\u00a0com a informaci\u00f3 pr\u00f2pia o si \u00e9s el cas, de tercers. El\u00a0COACB\u00a0posar\u00e0 els mitjans raonables a la seva disposici\u00f3 perqu\u00e8 els continguts inclosos en la seva p\u00e0gina web siguin exactes i estiguin actualitzats.<\/p><h5>6. Propietat Intel\u00b7lectual i Industrial. Hipervincles<\/h5><p>Tots els continguts, marques, dissenys, logotips, icones, programari, noms comercials, noms de domini i qualsevol altre signe o element susceptible de protecci\u00f3 per drets de propietat intel\u00b7lectual o industrial que formin part de la Web s\u00f3n propietat del\u00a0COACB\u00a0o de domini p\u00fablic o de tercers que han autoritzat degudament la seva inclusi\u00f3 en la mateixa i que figuren com a autors o titulars dels drets. En cap cas s&#8217;entendr\u00e0 que es concedeix cap llic\u00e8ncia o s&#8217;efectua ren\u00fancia, transmissi\u00f3, cessi\u00f3 total o parcial d&#8217;aquests drets, ni es confereix cap dret, i especialment, d&#8217;explotaci\u00f3, reproducci\u00f3, distribuci\u00f3, transformaci\u00f3 o comunicaci\u00f3 p\u00fablica sobre aquests continguts sense la pr\u00e8via autoritzaci\u00f3 expressa i per escrit del\u00a0COACB\u00a0o dels tercers corresponents. Les violacions de qualsevol dels drets de propietat intel\u00b7lectual o industrial als quals es refereix aquest apartat seran perseguides mitjan\u00e7ant les accions penals i civils contemplades en la legislaci\u00f3 vigent.<br \/><br \/>Els usuaris i, en general, aquelles persones que es proposin establir un enlla\u00e7 entre la seva p\u00e0gina web i la Web (des d&#8217;ara l'&#8221;enlla\u00e7&#8221;) haurien de comptar amb l&#8217;autoritzaci\u00f3 expressa del\u00a0COACB\u00a0i complir les condicions seg\u00fcents: L&#8217;enlla\u00e7 \u00fanicament permetr\u00e0 l&#8217;acc\u00e9s a la p\u00e0gina d&#8217;inici de la Web, o a l&#8217;instant concret que autoritzi el\u00a0COACB; No es crear\u00e0 un\u00a0frame\u00a0sobre les p\u00e0gines web de la Web; No es realitzaran manifestacions o indicacions falses, inexactes o incorrectes sobre el\u00a0COACB, els seus directius, persones i els seus productes i\/o serveis; No es declarar\u00e0 ni es donar\u00e0 a entendre que el\u00a0COACB\u00a0ha autoritzat l&#8217;enlla\u00e7 o que ha supervisat o assumit de qualsevol forma els serveis oferts o llocs a la disposici\u00f3 de la p\u00e0gina web en la qual s&#8217;estableix l&#8217;enlla\u00e7; Excepci\u00f3 feta d&#8217;aquells que formin part del mateix enlla\u00e7, la p\u00e0gina web en la qual s&#8217;estableixi l&#8217;enlla\u00e7 no contindr\u00e0 cap marca, nom comercial, r\u00e8tol d&#8217;establiment, denominaci\u00f3, logotip, esl\u00f2gan o altres signes distintius pertanyents al\u00a0COACB. La p\u00e0gina web en la qual s&#8217;estableixi l&#8217;enlla\u00e7 no contindr\u00e0 informacions o continguts il\u00b7l\u00edcits, contraris a la moral i als bons costums generalment acceptats i a l&#8217;ordre p\u00fablic, aix\u00ed com tampoc contindr\u00e0 continguts contraris a qualssevol drets de tercers. L&#8217;establiment de l&#8217;enlla\u00e7 no implica en cap cas l&#8217;exist\u00e8ncia de relacions entre\u00a0COACB\u00a0i el propietari de la p\u00e0gina web en la qual s&#8217;estableixi, ni l&#8217;acceptaci\u00f3 i aprovaci\u00f3 per part de\u00a0COACB\u00a0dels seus continguts o serveis.<\/p><h5>7. Publicitat<\/h5><p>En la p\u00e0gina Web s&#8217;allotgen continguts publicitaris. Els anunciants s\u00f3n els \u00fanics responsables d&#8217;assegurar-se que el material rem\u00e8s per a la seva inclusi\u00f3 en la p\u00e0gina web compleix la normativa que en cada cas puguin ser aplicable. El\u00a0COACB\u00a0no ser\u00e0 responsable de qualsevol error, inexactitud o irregularitat que puguin contenir els continguts publicitaris o dels patrocinadors.<\/p><h5>8. \u00c0rea privada<\/h5><p>L&#8217;acc\u00e9s a qualsevol \u00c0rea privada de la Web \u00e9s personal i intransferible i l&#8217;usuari es compromet a vetllar per la confidencialitat de la seva contrasenya.<\/p><h5>9. Responsabilitat i cookies<\/h5><p>L&#8217;usuari respondr\u00e0 dels danys i perjudicis de tota naturalesa que el\u00a0COACB\u00a0pugui sofrir a conseq\u00fc\u00e8ncia d&#8217;incompliment de qualsevol de les obligacions al fet que queda sotm\u00e8s per aquest Av\u00eds Legal o, si \u00e9s el cas, per les condicions particulars que siguin aplicable. El\u00a0COACB\u00a0no es responsabilitza dels danys o perjudicis de qualsevol tipus produ\u00efts en l&#8217;usuari que derivin d&#8217;errors o desconnexions en les xarxes de telecomunicacions que produeixin la suspensi\u00f3, cancel\u00b7laci\u00f3 o interrupci\u00f3 del servei de la p\u00e0gina web durant la prestaci\u00f3 del mateix o amb car\u00e0cter previ. L&#8217;acc\u00e9s al Portal no implica l&#8217;obligaci\u00f3 per part del\u00a0COACB\u00a0de controlar l&#8217;abs\u00e8ncia de virus o qualsevol altre element inform\u00e0tic nociu. Correspon a l&#8217;usuari, en tot cas, la disponibilitat d&#8217;eines adequades per a la detecci\u00f3 i desinfecci\u00f3 de programes inform\u00e0tics nocius. El\u00a0COACB\u00a0no es responsabilitza dels danys produ\u00efts en els equips inform\u00e0tics dels usuaris o de tercers durant la prestaci\u00f3 del servei del Portal. El\u00a0COACB\u00a0no es responsabilitza de les decisions preses a partir de la informaci\u00f3 subministrada en el web ni dels danys i perjudicis produ\u00efts en l&#8217;usuari o tercers amb motiu d&#8217;actuacions que tinguin com a \u00fanic fonament la informaci\u00f3 obtinguda a trav\u00e9s de la p\u00e0gina web.<br \/><br \/>El servei d&#8217;acc\u00e9s al web inclou dispositius t\u00e8cnics d&#8217;enlla\u00e7 que permeten a l&#8217;usuari accedir a altres p\u00e0gines i portals d&#8217;Internet. En aquests casos, el\u00a0COACB\u00a0actua com a prestador de serveis d&#8217;intermediaci\u00f3, de conformitat amb l&#8217;article 17 de la Llei 34\/2002, d&#8217;11 de juliol, de Serveis de la Societat de la Informaci\u00f3 i el Comer\u00e7 Electr\u00f2nic (LSSI), i nom\u00e9s ser\u00e0 responsable dels continguts i serveis subministrats als Llocs Enlla\u00e7ats en la mesura que tingui coneixement efectiu de la il\u00b7licitud i no hagi desactivat l&#8217;enlla\u00e7 amb la dilig\u00e8ncia deguda.<br \/><br \/>En el cas que l&#8217;usuari consideri que existeix un Lloc Enlla\u00e7at amb continguts il\u00b7l\u00edcits o inadequats podr\u00e0 comunicar-l&#8217;hi al\u00a0COACB, sense que en cap cas aquesta comunicaci\u00f3 comporti l&#8217;obligaci\u00f3 de retirar el corresponent enlla\u00e7.<br \/><br \/>L&#8217;exist\u00e8ncia de links o enlla\u00e7os no ha de pressuposar l&#8217;exist\u00e8ncia d&#8217;acords amb els responsables o titulars d&#8217;aquests, ni la recomanaci\u00f3, promoci\u00f3 o identificaci\u00f3 del\u00a0COACB\u00a0amb les manifestacions, continguts o serveis prove\u00efts.<br \/><br \/>El\u00a0COACB\u00a0no coneix els continguts i serveis dels links o enlla\u00e7os i per tant no es fa responsable pels danys produ\u00efts per la il\u00b7licitud, qualitat,\u00a0desactualizaci\u00f3n, indisponibilitat, error i inutilitat dels continguts i\/o serveis dels links o enlla\u00e7os ni per qualsevol altre mal que no sigui directament imputable al\u00a0COACB.<br \/><br \/>En relaci\u00f3 amb les cookies consulti la pol\u00edtica de cookies en l&#8217;enlla\u00e7 corresponent.<\/p><h5>10. Legislaci\u00f3 i Llei Aplicable<\/h5><p>El present Av\u00eds Legal es regeix per la llei espanyola. Per als casos que la normativa prevegi la possibilitat a les parts de sotmetre&#8217;s a un fur, totes dues parts, amb ren\u00fancia expressa de qualsevol altre que els pogu\u00e9s correspondre, se sotmeten als Jutjats i Tribunals de la ciutat de Barcelona (Espanya).<\/p>\t\t\t\t\t\t\t\t<\/div>\n\t\t\t\t<\/div>\n\t\t\t\t<\/div>\n\t\t\t\t\t<\/div>\n\t\t\t\t<\/div>\n\t\t\t\t<\/div>\n\t\t","protected":false},"excerpt":{"rendered":"<p>1. Informaci\u00f3 General El sal\u00f3 Expohogar est\u00e0 organitzat pel Col\u00b7legi Oficial d&#8217;Agents Comercials de Barcelona, amb CIF n\u00fam. Q-0873007-I i domicili al carrer Casp, n\u00fam. 130, CP 08013 Barcelona, Espanya, est\u00e0 inscrit en el Registre P\u00fablic de Col\u00b7legis Professionals de Catalunya, amb data 16 d&#8217;octubre de 1984, sota el n\u00famero d&#8217;inscripci\u00f3 AC\/B-2. Tel\u00e8fon: 93 231 [&hellip;]<\/p>\n","protected":false},"author":1,"featured_media":0,"parent":0,"menu_order":0,"comment_status":"closed","ping_status":"closed","template":"","meta":{"footnotes":""},"class_list":["post-608","page","type-page","status-publish","hentry"],"_links":{"self":[{"href":"https:\/\/www.expohogar.com\/ca\/wp-json\/wp\/v2\/pages\/608","targetHints":{"allow":["GET"]}}],"collection":[{"href":"https:\/\/www.expohogar.com\/ca\/wp-json\/wp\/v2\/pages"}],"about":[{"href":"https:\/\/www.expohogar.com\/ca\/wp-json\/wp\/v2\/types\/page"}],"author":[{"embeddable":true,"href":"https:\/\/www.expohogar.com\/ca\/wp-json\/wp\/v2\/users\/1"}],"replies":[{"embeddable":true,"href":"https:\/\/www.expohogar.com\/ca\/wp-json\/wp\/v2\/comments?post=608"}],"version-history":[{"count":5,"href":"https:\/\/www.expohogar.com\/ca\/wp-json\/wp\/v2\/pages\/608\/revisions"}],"predecessor-version":[{"id":891,"href":"https:\/\/www.expohogar.com\/ca\/wp-json\/wp\/v2\/pages\/608\/revisions\/891"}],"wp:attachment":[{"href":"https:\/\/www.expohogar.com\/ca\/wp-json\/wp\/v2\/media?parent=608"}],"curies":[{"name":"wp","href":"https:\/\/api.w.org\/{rel}","templated":true}]}}