{"id":605,"date":"2025-01-20T17:53:58","date_gmt":"2025-01-20T16:53:58","guid":{"rendered":"https:\/\/new.expohogar.com\/politica-de-privacidad\/"},"modified":"2025-02-20T12:58:57","modified_gmt":"2025-02-20T11:58:57","slug":"politica-de-privadesa","status":"publish","type":"page","link":"https:\/\/www.expohogar.com\/ca\/politica-de-privadesa\/","title":{"rendered":"Pol\u00edtica de Privadesa"},"content":{"rendered":"\t\t<div data-elementor-type=\"wp-page\" data-elementor-id=\"605\" class=\"elementor elementor-605 elementor-43\" data-elementor-post-type=\"page\">\n\t\t\t\t<div class=\"elementor-element elementor-element-5b4acf8 e-flex e-con-boxed e-con e-parent\" data-id=\"5b4acf8\" data-element_type=\"container\" data-e-type=\"container\" data-settings=\"{&quot;background_background&quot;:&quot;classic&quot;}\">\n\t\t\t\t\t<div class=\"e-con-inner\">\n\t\t<div class=\"elementor-element elementor-element-b21b872 e-con-full e-flex e-con e-child\" data-id=\"b21b872\" data-element_type=\"container\" data-e-type=\"container\">\n\t\t\t\t<\/div>\n\t\t\t\t\t<\/div>\n\t\t\t\t<\/div>\n\t\t<div class=\"elementor-element elementor-element-922e4d5 e-flex e-con-boxed e-con e-parent\" data-id=\"922e4d5\" data-element_type=\"container\" data-e-type=\"container\">\n\t\t\t\t\t<div class=\"e-con-inner\">\n\t\t<div class=\"elementor-element elementor-element-50f1315 e-con-full e-flex e-con e-child\" data-id=\"50f1315\" data-element_type=\"container\" data-e-type=\"container\">\n\t\t\t\t<div class=\"elementor-element elementor-element-a296f6c elementor-widget elementor-widget-text-editor\" data-id=\"a296f6c\" data-element_type=\"widget\" data-e-type=\"widget\" data-widget_type=\"text-editor.default\">\n\t\t\t\t<div class=\"elementor-widget-container\">\n\t\t\t\t\t\t\t\t\t<h4>Pol\u00edtica de protecci\u00f3 de dades<\/h4><p>Arran de l&#8217;entrada en vigor del Reglament (UE) 2016\/679 del Parlament Europeu i del Consell, de 27 d&#8217;abril de 2016, relatiu a la protecci\u00f3 de les persones f\u00edsiques pel que fa al tractament de dades personals i a la lliure circulaci\u00f3 d&#8217;aquestes dades i pel qual es deroga la Directiva 95\/46\/CE (Reglament general de protecci\u00f3 de dades), l&#8217;informem que totes les dades personals que ens faciliti a trav\u00e9s del lloc web del sal\u00f3\u00a0Expohogar\u00a0formaran part d&#8217;un tractament titularitat del Col\u00b7legi Oficial d&#8217;Agents Comercials de Barcelona (COACB), titular del citat lloc web i amb domicili social al carrer\u00a0Casp, 130 08013 Barcelona i CIF Q 0873007 I, la finalitat de la qual \u00e9s la de prestar els serveis sol\u00b7licitats i informar sobre not\u00edcies, novetats i serveis del\u00a0COACB.<\/p><h5>\u00bfQui \u00e9s el responsable del tractament de les seves dades?<\/h5><ul><li><strong>Identitat:<\/strong> Col\u00b7legi Oficial d&#8217;Agents Comerciales de Barcelona (COACB)<\/li><li><strong>NIF:<\/strong> Q 0873007 I<\/li><li><strong>Adre\u00e7a postal:<\/strong> C. Casp, 130 08013 Barcelona<\/li><li><strong>Contacte Delegat de Protecci\u00f3 de Dades:<\/strong> <a href=\"mailto:dpd@coacb.com\">dpd@coacb.com<\/a><\/li><li><strong>Contacte amb el COACB:<\/strong> <a href=\"mailto:coacb@coacb.com\">coacb@coacb.com<\/a><\/li><\/ul><h5>\u00bfAmb quina finalitat tractem les seves dades personals?<\/h5><p>En\u00a0COACB\u00a0tractem la informaci\u00f3 que ens faciliten les empreses per a poder gestionar la seva participaci\u00f3 en el Sal\u00f3\u00a0EXPOHOGAR\u00a0o per a atendre les seves consultes.<\/p><h5>Per quant temps conservarem les seves dades?<\/h5><p>Les dades personals proporcionades per a gestionar la seva participaci\u00f3 es conservaran fins al compliment de les respectives obligacions contractuals de prestaci\u00f3 de serveis del sal\u00f3. Posteriorment les dades podran mantenir-se bloquejats nom\u00e9s per a complir obligacions legals de conservaci\u00f3 per possibles responsabilitats derivades del tractament fins que finalitzin els terminis de prescripci\u00f3 legal.<br \/><br \/>Les dades tractades per a atendre les seves consultes es conservaran fins que se sol\u00b7liciti la seva supressi\u00f3 o es revoqui el consentiment per part de l&#8217;interessat. Per a revocar el seu consentiment pot presentar la seva sol\u00b7licitud al correu: <a href=\"mailto:dpd@coacb.com\">dpd@coacb.com<\/a>.<\/p><h5>Quina \u00e9s la legitimaci\u00f3 per al tractament de les seves dades?<\/h5><p>La base jur\u00eddica perqu\u00e8\u00a0COACB\u00a0tracti les dades amb la finalitat de gestionar la participaci\u00f3 en el Sal\u00f3\u00a0EXPOHOGAR, \u00e9s l&#8217;execuci\u00f3 del contracte.<br \/><br \/>La base legal per al tractament de les seves dades amb la finalitat d&#8217;atendre les seves consultes sobre el sal\u00f3, \u00e9s l&#8217;aportaci\u00f3 del consentiment.<\/p><h5>Com hem obtingut les seves dades?<\/h5><p>Les dades personals que tractem procedeixen de la pr\u00f2pia persona interessada.<br \/><br \/>Les categories de dades que es tracten s\u00f3n: dades d&#8217;identificaci\u00f3, codis o claus d&#8217;identificaci\u00f3, adre\u00e7a postal o electr\u00f2nica, dades financeres i banc\u00e0ries.<\/p><h5>Quins s\u00f3n els seus drets quan ens facilita les seves dades?<\/h5><ul><li>Qualsevol persona t\u00e9 dret a obtenir confirmaci\u00f3 sobre si en\u00a0COACB\u00a0estem tractant dades personals que els concerneixin, o no.<\/li><li>Les persones interessades tenen dret a accedir a les seves dades personals, aix\u00ed com a sol\u00b7licitar la rectificaci\u00f3 de les dades inexactes o, si \u00e9s el cas, sol\u00b7licitar la seva supressi\u00f3 quan, entre altres motius, les dades ja no siguin necessaris per als fins que van ser recollits.<\/li><li>En determinades circumst\u00e0ncies, les persones interessades podran sol\u00b7licitar la limitaci\u00f3 del tractament de les seves dades, i en aquest cas \u00fanicament els conservarem per a l&#8217;exercici o la defensa de reclamacions.<\/li><li>En determinades circumst\u00e0ncies i per motius relacionats amb la seva situaci\u00f3 particular, les persones interessades podran oposar-se al tractament de les seves dades. COACB deixar\u00e0 de tractar les dades, excepte per motius leg\u00edtims imperiosos, o l&#8217;exercici o la defensa de possibles reclamacions.<\/li><li>Les persones interessades podran sol\u00b7licitar la portabilitat de les seves dades en suport automatitzat a un altre responsable.<\/li><li>En el moment de la cancel\u00b7laci\u00f3 de les dades, \u00fanicament els conservarem bloquejats en compliment d&#8217;obligacions legals.<\/li><li>Pot consultar m\u00e9s informaci\u00f3 sobre l&#8217;exercici dels seus drets o presentar una reclamaci\u00f3, davant l&#8217;Autoritat Catalana de Protecci\u00f3 de Dades, al carrer Rossell\u00f3 214, Esc. A, 1r.\u00a01a., 08008 Barcelona, o en la web <a href=\"http:\/\/apdcat.gencat.cat\">apdcat.gencat.cat<\/a>.<\/li><\/ul><p>Pot exercir els drets d&#8217;acc\u00e9s, rectificaci\u00f3, supressi\u00f3, oposici\u00f3, portabilitat de les dades i dret a la limitaci\u00f3 del tractament, directament en el nostre departament de protecci\u00f3 de dades enviant un correu electr\u00f2nic <a href=\"mailto:coacb@coacb.com\">coacb@coacb.com<\/a>.<\/p><h5>Com garantim la seguretat de les seves dades?<\/h5><p>COACB\u00a0adoptar\u00e0 les mesures necess\u00e0ries per a evitar la seva alteraci\u00f3, tractament o acc\u00e9s no autoritzat, tenint en compte en tot moment l&#8217;estat de la tecnologia.<\/p>\t\t\t\t\t\t\t\t<\/div>\n\t\t\t\t<\/div>\n\t\t\t\t<\/div>\n\t\t\t\t\t<\/div>\n\t\t\t\t<\/div>\n\t\t\t\t<\/div>\n\t\t","protected":false},"excerpt":{"rendered":"<p>Pol\u00edtica de protecci\u00f3 de dades Arran de l&#8217;entrada en vigor del Reglament (UE) 2016\/679 del Parlament Europeu i del Consell, de 27 d&#8217;abril de 2016, relatiu a la protecci\u00f3 de les persones f\u00edsiques pel que fa al tractament de dades personals i a la lliure circulaci\u00f3 d&#8217;aquestes dades i pel qual es deroga la Directiva [&hellip;]<\/p>\n","protected":false},"author":1,"featured_media":0,"parent":0,"menu_order":0,"comment_status":"closed","ping_status":"closed","template":"","meta":{"footnotes":""},"class_list":["post-605","page","type-page","status-publish","hentry"],"_links":{"self":[{"href":"https:\/\/www.expohogar.com\/ca\/wp-json\/wp\/v2\/pages\/605","targetHints":{"allow":["GET"]}}],"collection":[{"href":"https:\/\/www.expohogar.com\/ca\/wp-json\/wp\/v2\/pages"}],"about":[{"href":"https:\/\/www.expohogar.com\/ca\/wp-json\/wp\/v2\/types\/page"}],"author":[{"embeddable":true,"href":"https:\/\/www.expohogar.com\/ca\/wp-json\/wp\/v2\/users\/1"}],"replies":[{"embeddable":true,"href":"https:\/\/www.expohogar.com\/ca\/wp-json\/wp\/v2\/comments?post=605"}],"version-history":[{"count":4,"href":"https:\/\/www.expohogar.com\/ca\/wp-json\/wp\/v2\/pages\/605\/revisions"}],"predecessor-version":[{"id":895,"href":"https:\/\/www.expohogar.com\/ca\/wp-json\/wp\/v2\/pages\/605\/revisions\/895"}],"wp:attachment":[{"href":"https:\/\/www.expohogar.com\/ca\/wp-json\/wp\/v2\/media?parent=605"}],"curies":[{"name":"wp","href":"https:\/\/api.w.org\/{rel}","templated":true}]}}